{"id":4240,"date":"2024-10-20T13:25:55","date_gmt":"2024-10-20T11:25:55","guid":{"rendered":"https:\/\/www.non-plus-ultra.de\/npu\/?page_id=4240"},"modified":"2025-04-01T00:49:41","modified_gmt":"2025-03-31T22:49:41","slug":"agb","status":"publish","type":"page","link":"https:\/\/www.non-plus-ultra.de\/npu\/agb\/","title":{"rendered":"AGB"},"content":{"rendered":"\t\t<div data-elementor-type=\"wp-page\" data-elementor-id=\"4240\" class=\"elementor elementor-4240\" data-elementor-post-type=\"page\">\n\t\t\t\t<div class=\"elementor-element elementor-element-d86b490 e-flex e-con-boxed e-con e-parent\" data-id=\"d86b490\" data-element_type=\"container\" data-e-type=\"container\" data-settings=\"{&quot;background_background&quot;:&quot;classic&quot;}\">\n\t\t\t\t\t<div class=\"e-con-inner\">\n\t\t<div class=\"elementor-element elementor-element-5c7773e animated-fast e-flex e-con-boxed e-con e-child\" data-id=\"5c7773e\" data-element_type=\"container\" data-e-type=\"container\" data-settings=\"{&quot;animation&quot;:&quot;none&quot;,&quot;animation_delay&quot;:500,&quot;animation_tablet&quot;:&quot;none&quot;,&quot;animation_widescreen&quot;:&quot;none&quot;}\">\n\t\t\t\t\t<div class=\"e-con-inner\">\n\t\t\t\t<div class=\"elementor-element elementor-element-add4745 elementor-widget__width-initial elementor-widget elementor-widget-heading\" data-id=\"add4745\" data-element_type=\"widget\" data-e-type=\"widget\" data-widget_type=\"heading.default\">\n\t\t\t\t\t<h1 class=\"elementor-heading-title elementor-size-default\">Allgemeine Gesch\u00e4fts- und Lieferbedingungen der api GmbH<\/h1>\t\t\t\t<\/div>\n\t\t\t\t\t<\/div>\n\t\t\t\t<\/div>\n\t\t\t\t<div class=\"elementor-element elementor-element-df1cfd1 elementor-widget__width-initial elementor-widget elementor-widget-text-editor\" data-id=\"df1cfd1\" data-element_type=\"widget\" data-e-type=\"widget\" data-widget_type=\"text-editor.default\">\n\t\t\t\t\t\t\t\t\t<h4><strong><span class=\"fw-bold fs-4 d-block\">1. Geltung<\/span><\/strong><\/h4><p class=\"py-2\">Lieferungen, Leistungen, Angebote und Verk\u00e4ufe erfolgen ausschlie\u00dflich aufgrund der folgenden Bedingungen. Diese sind Bestandteil aller abgeschlossenen Vertr\u00e4ge und gelten auch f\u00fcr alle k\u00fcnftigen Gesch\u00e4ftsbeziehungen, selbst wenn sie nicht nochmals ausdr\u00fccklich vereinbart werden. Mit der Erteilung des Auftrages, sp\u00e4testens jedoch mit Entgegennahme der Lieferung oder Leistung, werden diese AGB durch den Kunden anerkannt. Dazu widersprechende Gesch\u00e4ftsbedingungen oder abweichende Gegenbest\u00e4tigungen werden nur anerkannt, wenn api diese ausdr\u00fccklich schriftlich best\u00e4tigt.<\/p><h4><strong><span class=\"fw-bold fs-4 d-block\">2. Angebote<\/span><\/strong><\/h4><p class=\"py-2\">Schriftliche und m\u00fcndliche Angebote von API sind freibleibend und unverbindlich, selbst wenn sie nicht so gekennzeichnet sind. Angestellte von API sind nicht befugt, verbindliche Angebote zu machen.<\/p><h4><strong><span class=\"fw-bold fs-4 d-block\">3. Preise<\/span><\/strong><\/h4><p class=\"py-2\">S\u00e4mtliche m\u00fcndlich oder schriftlich ver\u00f6ffentlichten Preise sind unverbindlich. Irrt\u00fcmer und kurzfristige Preis\u00e4nderungen sind vorbehalten. Alle Preise verstehen sich netto zzgl. Porto, Verpackung und Versicherung. Bei Zahlungsverzug des Kunden mit mehr als einer Einzelforderung sind s\u00e4mtliche offenen Forderungen gegen den Kunden sofort f\u00e4llig.<\/p><h4><strong><span class=\"fw-bold fs-4 d-block\">4. Gefahren\u00fcbergang<\/span><\/strong><\/h4><p class=\"py-2\">Versand\/Abholung erfolgt auf Gefahr des Kunden. Sobald die Ware das Lager von API verlassen hat, geht die Gefahr auf den Kunden \u00fcber. API versichert die Ware beim Versand entsprechend dem Warenwert, falls der Kunde diesem nicht ausdr\u00fccklich widerspricht.<\/p><h4><strong><span class=\"fw-bold fs-4 d-block\">5. Lieferung<\/span><\/strong><\/h4><p class=\"py-2\">Jegliche Lieferfristen bed\u00fcrfen der schriftlichen Best\u00e4tigung. Alle Lieferungen stehen unter dem Vorbehalt richtiger und rechtzeitiger Selbstbelieferung. Teillieferungen sind zul\u00e4ssig. Liefer- und Leistungsverz\u00f6ge-rungen aufgrund h\u00f6herer Gewalt und aufgrund von Ereignissen, die die Lieferung wesentlich erschweren oder unm\u00f6glich machen, wie Streiks, Betriebsst\u00f6rungen, beh\u00f6rdliche Anordnungen, Materialbeschaffungsschwie-rigkeiten etc., auch wenn sie bei Lieferanten von API eintreten, hat API auch bei verbindlich vereinbarten Fristen und Terminen nicht zu vertreten. Die Annahme der bestellten und gelieferten Ware ist eine Hauptpflicht des K\u00e4ufers. Lehnt der K\u00e4ufer die Annahme ab, oder unterl\u00e4sst er die Annahme, so befindet sich der K\u00e4ufer im Verzug. Nach versuchtem und ebenfalls fehlgeschlagenem Lieferversuch, beh\u00e4lt sich API vor, bis zu 30% des Auftragswertes als Schadensersatz zu verlangen. Dies geschieht unbeschadet der M\u00f6glichkeit einen h\u00f6heren Schaden nachzuweisen.<\/p><h4><strong><span class=\"fw-bold fs-4 d-block\">6. Zahlungsbedingungen<\/span><\/strong><\/h4><p class=\"py-2\">api beh\u00e4lt sich das Recht vor, den Kunden durch Einholung von Ausk\u00fcnften \u00fcber seine wirtschaftlichen Verh\u00e4ltnisse zu pr\u00fcfen. Der Kunde ist bei Bar- oder Schecknachnahmen verpflichtet, sich vom Transporteur \u00fcber die Zahlung bei Lieferung eine Quittung ausstellen zu lassen und diese aufzubewahren. Auf Anforderung ist die Quittung API vorzulegen bzw. eine leserliche Abschrift zu erteilen; im Falle einer S\u00e4umnis tr\u00e4gt der Kunde die Beweislast f\u00fcr die Zahlung. API haftet nicht f\u00fcr rechtzeitige Vorlegung der Schecks. Bei Zahlungsverzug des Kunden ist API berechtigt, Zinsen in H\u00f6he von bis zu 3% \u00fcber dem jeweiligen Diskontsatz der deutschen Bundesbank zu verlangen. Weitergehende Verzugssch\u00e4den k\u00f6nnen durch API geltend gemacht werden. Bei Zahlungsverzug ist API berechtigt, Mahngeb\u00fchren in H\u00f6he von bis zu 10 EURO zu verlangen, sowie die Forderung zur Beitreibung an ein Inkassob\u00fcro zu \u00fcbergeben. Der Kunde ist verpflichtet, die f\u00fcr die Inanspruchnahme des Inkassob\u00fcros anfallenden Kosten zu tragen. Der Kunde ist zur Zur\u00fcckbehaltung oder Aufrechnung von Teilbetr\u00e4gen nur berechtigt, falls die Gegenanspr\u00fcche rechtskr\u00e4ftig festgestellt oder durch API anerkannt wurden. Tritt nach Vertragsschluss eine wesentliche Verschlechterung in den Verm\u00f6gensverh\u00e4ltnissen ein, oder erf\u00e4hrt API von unzureichender Liquidit\u00e4t des Kunden, so beh\u00e4lt sich API vor eine entsprechende Sicherheitsleistung zu verlangen. Falls dieser nicht nachgekommen wird beh\u00e4lt sich API den R\u00fccktritt vom Vertrag vor. Eine bevorstehende Lieferung kann bis zum Erbringen der Sicherheitsleistung verz\u00f6gert werden.<\/p><h4><strong><span class=\"fw-bold fs-4 d-block\">7. Eigentumsvorbehalt<\/span><\/strong><\/h4><p class=\"py-2\">API beh\u00e4lt sich das Eigentum an der Ware vor, bis s\u00e4mtliche Forderungen von API gegen\u00fcber dem Kunden aus der Gesch\u00e4ftsbeziehung, einschlie\u00dflich der k\u00fcnftig entstehenden Forderungen auch aus gleichzeitig oder sp\u00e4ter abgeschlossenen Vertr\u00e4gen beglichen sind. Das gilt auch dann, wenn einzelne oder s\u00e4mtliche Forderungen des Verk\u00e4ufers in eine laufende Rechnung aufgenommen wurden und der Saldo gezogen und anerkannt ist. Der Kunde ist zur Weiterver\u00e4u\u00dferung der Vorbehaltsware im ordnungsgem\u00e4\u00dfen Gesch\u00e4ftsgang nur dann berechtigt, wenn er API hiermit schon jetzt alle Forderungen abtritt, die aus der Weiterver\u00e4u\u00dferung gegen Abnehmer oder gegen Dritte erwachsen. Wird Vorbehaltsware unverarbeitet oder nach Verarbeitung oder Verbindung mit Gegenst\u00e4nden, die ausschlie\u00dflich im Eigentum des Kunden stehen, ver\u00e4u\u00dfert, so tritt der Kunde schon jetzt die aus der Weiterver\u00e4u\u00dferung entstehenden Forderungen in voller H\u00f6he an API ab. Wird Vorbehaltsware vom Kunden &#8211; nach Verarbeitung\/Verbindung &#8211; zusammen mit nicht dem Verk\u00e4ufer geh\u00f6render Ware ver\u00e4u\u00dfert, so tritt der Kunde schon jetzt die aus der Weiterver\u00e4u\u00dferung entstehenden Forderungen in H\u00f6he des Wertes der Vorbehaltsware mit allen Nebenrechten und Rang vor dem Rest ab. API nimmt die Abtretung an. Zur Einziehung dieser Forderungen ist der Kunde auch nach Abtretung erm\u00e4chtigt. Die Befugnis von API, die Forderungen selbst einzuziehen bleibt hiervon unber\u00fchrt; jedoch verpflichtet sich API, die Forderungen nicht einzuziehen, solange der K\u00e4ufer seinen Zahlungs- und sonstigen Verpflichtungen ordnungsgem\u00e4\u00df nachkommt. API kann verlangen, dass der Kunde ihm die abgetretenen Forderungen und deren Schuldner bekannt gibt, alle zum Einzug erforderlichen Angaben macht, die dazu geh\u00f6rigen Unterlagen aush\u00e4ndigt und den Schuldnern die Abtretung mitteilt. Eine etwaige Be- oder Verarbeitung der Vorbehaltsware nimmt der Kunde f\u00fcr API vor, ohne dass API daraus Verpflichtungen entstehen. Bei Verarbeitung, Verbindung, Vermischung oder Vermengung der Vorbehaltsware mit anderen, nicht API geh\u00f6renden Waren, steht API der dabei entstehende Miteigentumsanteil an der neuen Sache im Verh\u00e4ltnis des Wertes der Vorbehaltsware zu der \u00fcbrigen verarbeiteten Ware zum Zeitpunkt der Verarbeitung\/Verbindung\/Vermischung zu. Erwirbt der Kunde das Alleineigentum an der neuen Sache, so sind sich die Vertragspartner dar\u00fcber einig, dass der Kunde API im Verh\u00e4ltnis des Wertes der verarbeiteten\/verbundenen\/vermischten Vorbehaltsware Miteigentum an der neuen Sache einr\u00e4umt und diese unentgeltlich f\u00fcr API verwahrt. Wird im Zusammenhang mit der Bezahlung des Kaufpreises durch den K\u00e4ufer eine wechselm\u00e4\u00dfige Haftung von API begr\u00fcndet, so erlischt der Eigentumsvorbehalt sowie die diesem zugrunde liegende Forderung aus Warenlieferungen, nicht vor Einl\u00f6sung des Wechsels durch den Kunden als Bezogener. Wenn der Wert der bestehenden Sicherheiten die zu sichernden Forderungen um mehr als 20% \u00fcberschreitet, ist API auf Verlangen des Kunden insoweit zur Freigabe verpflichtet.<\/p><h4><strong><span class=\"fw-bold fs-4 d-block\">8. M\u00e4ngelr\u00fcgen, Gew\u00e4hrleistung<\/span><\/strong><\/h4><p class=\"py-2\">API gew\u00e4hrleistet im Rahmen der gesetzlichen Gew\u00e4hrleistungsvorschriften auf alle von ihr gelieferten Waren Freiheit von Material &#8211; und Herstellungsm\u00e4ngeln bei Gefahren\u00fcbergang, mit folgender Ma\u00dfgabe: Der Kunde verpflichtet sich, alle Lieferungen von API beim Empfang auf M\u00e4ngelfreiheit und Ordnungsm\u00e4\u00dfigkeit zu pr\u00fcfen. Minder- oder Falschlieferungen sowie offenkundige M\u00e4ngel sind binnen 14 Tagen nach Empfang der Lieferung vom Kunden schriftlich zu r\u00fcgen. Die Pflicht der Kaufleute zur unverz\u00fcglichen M\u00e4ngelanzeige nach \u00a7\u00a7 377, 378 HGB bleibt unber\u00fchrt. Diese gilt f\u00fcr Kaufleute auch im Falle erkennbarer Falschlieferungen durch API, wenn besonders vom schnellen Wertverfall bedrohte Produkte (z.B. Speicherbausteine) Gegenstand der Lieferung sind. Die Ware ist in diesen F\u00e4llen unverz\u00fcglich per R\u00fcckholauftrag an API zur\u00fcckzusenden. Transportsch\u00e4den sind unverz\u00fcglich dem Transportf\u00fchrer anzuzeigen, die Verpackung ist in diesem Fall sowie bei Abweichungen von Liefermengen zum Lieferschein bis auf weiteres zur Sicherung etwaiger Anspr\u00fcche des Kunden aufzubewahren. API beh\u00e4lt sich das Recht zur Nachbesserung, auch zum wiederholten Male, und zur Ersatzlieferung vor. Schl\u00e4gt Nachbesserung oder Ersatzlieferung fehl, kann der Kunde mindern oder wandeln. Von dieser Gew\u00e4hrleistung sind vom Kunden oder sonstigen Dritten durch unsachgem\u00e4\u00dfe Behandlung oder Eingriffe verursachte M\u00e4ngel ausgenommen. Im Falle von Reklamationen ist der Kunde verpflichtet, den Mangel exakt zu beschreiben. Das Entfernen von Markierungen, Aufklebern und anderen zur Identifizierung ben\u00f6tigten Kennzeichnungen auf der Ware f\u00fchrt zum Verlust der Anspr\u00fcche auf Gew\u00e4hrleistungen.<\/p><h4><strong><span class=\"fw-bold fs-4 d-block\">9. Herstellergarantie<\/span><\/strong><\/h4><p class=\"py-2\">API ist gegen\u00fcber Kunden im Rahmen deren Inanspruchnahme einer Herstellergarantie nicht verpflichtet, hiervon betroffene Ware zur Weiterleitung an den Hersteller entgegenzunehmen. Bei Entgegennahme der Ware in solchen F\u00e4llen aus Kulanz haftet API gegen\u00fcber Kunden nur auf Vorsatz und grobe Fahrl\u00e4ssigkeit. API kann eine solcherma\u00dfen entgegengenommene Ware jederzeit ohne Angabe von Gr\u00fcnden dem Kunden zur\u00fcckreichen, ohne dass API gegen\u00fcber dem Kunden aus dem Garantieversprechen des Herstellers unmittelbar oder mittelbar haftet.<\/p><h4><strong><span class=\"fw-bold fs-4 d-block\">10. Erf\u00fcllungsort, Gerichtsstand<\/span><\/strong><\/h4><p class=\"py-2\">Erf\u00fcllungsort ist Baesweiler, Gerichtsstand ist Aachen. Die Bestimmungen des UN-Kaufrechts finden keine Anwendung. Es gilt ausschlie\u00dflich deutsches Recht, auch bei Lieferungen ins Ausland.<\/p><h4><strong><span class=\"fw-bold fs-4 d-block\">11. Schlu\u00dfbestimmungen\/Salvatorische Klausel<\/span><\/strong><\/h4><p class=\"py-2\">Sollte eine Bestimmung in diesen Gesch\u00e4ftsbedingungen oder eine Bestimmung im Rahmen sonstiger Vereinbarungen unwirksam sein oder werden, so wird hiervon die Wirksamkeit aller sonstigen Bestimmungen oder Vereinbarungen nicht ber\u00fchrt. Anstelle der unwirksamen Bestimmungen soll eine angemessene Regelung gelten, die im Rahmen der gesetzlich zul\u00e4ssigen M\u00f6glichkeiten der unwirksamen Klausel am n\u00e4chsten kommt.<\/p><h3><strong><span class=\"fw-bold fs-4 d-block\">Besondere Bestimmungen f\u00fcr Software als Liefergegenstand<\/span><\/strong><\/h3><p class=\"py-2\">1. Ist Liefergegenstand Software, vermittelt API Nutzungsrechte gem\u00e4\u00df den Lizenzbedingungen des Herstellers mit dem r\u00e4umlichen, zeitlichen und sachlichen Inhalten, der vom Hersteller f\u00fcr das konkrete Softwareprodukt gew\u00e4hrt wird. Ist Liefergegenstand das Vertriebsrecht von Software, ist API ausschlie\u00dflich verpflichtet, das Vertriebsrecht gem\u00e4\u00df den Lizenzbedingungen des Herstellers mit dem r\u00e4umlichen, zeitlichen und sachlichen Inhalt, der ihr vom Hersteller f\u00fcr das konkrete Softwareprodukt gew\u00e4hrt wird, zu vermitteln.<\/p><p class=\"py-2\">2. API ist kein Erf\u00fcllungshilfe des Herstellers des Softwareproduktes. API haftet dementsprechend nicht f\u00fcr Verschulden des Herstellers oder dessen Erf\u00fcllungsgehilfen. Die Haftung von API f\u00fcr eigenes Verhalten bleibt im Rahmen der getroffenen Vereinbarungen unber\u00fchrt.<\/p><p>Baesweiler, den 21.01.2019<\/p>\t\t\t\t\t\t\t\t<\/div>\n\t\t\t\t\t<\/div>\n\t\t\t\t<\/div>\n\t\t\t\t<\/div>\n\t\t","protected":false},"excerpt":{"rendered":"<p>Allgemeine Gesch\u00e4fts- und Lieferbedingungen der api GmbH 1. Geltung Lieferungen, Leistungen, Angebote und Verk\u00e4ufe erfolgen ausschlie\u00dflich aufgrund der folgenden Bedingungen. Diese sind Bestandteil aller abgeschlossenen Vertr\u00e4ge und gelten auch f\u00fcr alle k\u00fcnftigen Gesch\u00e4ftsbeziehungen, selbst wenn sie nicht nochmals ausdr\u00fccklich vereinbart werden. Mit der Erteilung des Auftrages, sp\u00e4testens jedoch mit Entgegennahme der Lieferung oder Leistung, werden [&hellip;]<\/p>\n","protected":false},"author":1,"featured_media":0,"parent":0,"menu_order":0,"comment_status":"closed","ping_status":"closed","template":"elementor_header_footer","meta":{"footnotes":""},"class_list":["post-4240","page","type-page","status-publish","hentry"],"yoast_head":"<!-- This site is optimized with the Yoast SEO plugin v27.5 - https:\/\/yoast.com\/product\/yoast-seo-wordpress\/ -->\n<title>AGB - NON PLUS ULTRA<\/title>\n<meta name=\"description\" content=\"Lieferungen, Leistungen, Angebote und Verk\u00e4ufe erfolgen ausschlie\u00dflich aufgrund der folgenden Bedingungen.\" \/>\n<meta name=\"robots\" content=\"index, follow, max-snippet:-1, max-image-preview:large, max-video-preview:-1\" \/>\n<link rel=\"canonical\" href=\"https:\/\/www.non-plus-ultra.de\/npu\/agb\/\" \/>\n<meta property=\"og:locale\" content=\"de_DE\" \/>\n<meta property=\"og:type\" content=\"article\" \/>\n<meta property=\"og:title\" content=\"Allgemeine Gesch\u00e4fts- und Lieferbedingungen der api GmbH\" \/>\n<meta property=\"og:description\" content=\"Lieferungen, Leistungen, Angebote und Verk\u00e4ufe erfolgen ausschlie\u00dflich aufgrund der folgenden Bedingungen.\" \/>\n<meta property=\"og:url\" content=\"https:\/\/www.non-plus-ultra.de\/npu\/agb\/\" \/>\n<meta property=\"og:site_name\" content=\"NON PLUS ULTRA\" \/>\n<meta property=\"article:modified_time\" content=\"2025-03-31T22:49:41+00:00\" \/>\n<meta property=\"og:image\" content=\"https:\/\/www.non-plus-ultra.de\/npu\/wp-content\/uploads\/2025\/04\/nonplusultra_socialmedia.png\" \/>\n\t<meta property=\"og:image:width\" content=\"500\" \/>\n\t<meta property=\"og:image:height\" content=\"500\" \/>\n\t<meta property=\"og:image:type\" content=\"image\/png\" \/>\n<meta name=\"twitter:card\" content=\"summary_large_image\" \/>\n<meta name=\"twitter:title\" content=\"Allgemeine Gesch\u00e4fts- und Lieferbedingungen der api GmbH\" \/>\n<meta name=\"twitter:description\" content=\"Lieferungen, Leistungen, Angebote und Verk\u00e4ufe erfolgen ausschlie\u00dflich aufgrund der folgenden Bedingungen.\" \/>\n<meta name=\"twitter:image\" content=\"https:\/\/www.non-plus-ultra.de\/npu\/wp-content\/uploads\/2025\/04\/nonplusultra_socialmedia.png\" \/>\n<meta name=\"twitter:label1\" content=\"Gesch\u00e4tzte Lesezeit\" \/>\n\t<meta name=\"twitter:data1\" content=\"8\u00a0Minuten\" \/>\n<script type=\"application\/ld+json\" class=\"yoast-schema-graph\">{\"@context\":\"https:\\\/\\\/schema.org\",\"@graph\":[{\"@type\":\"WebPage\",\"@id\":\"https:\\\/\\\/www.non-plus-ultra.de\\\/npu\\\/agb\\\/\",\"url\":\"https:\\\/\\\/www.non-plus-ultra.de\\\/npu\\\/agb\\\/\",\"name\":\"AGB - NON PLUS ULTRA\",\"isPartOf\":{\"@id\":\"https:\\\/\\\/www.non-plus-ultra.de\\\/npu\\\/#website\"},\"datePublished\":\"2024-10-20T11:25:55+00:00\",\"dateModified\":\"2025-03-31T22:49:41+00:00\",\"description\":\"Lieferungen, Leistungen, Angebote und Verk\u00e4ufe erfolgen ausschlie\u00dflich aufgrund der folgenden Bedingungen.\",\"breadcrumb\":{\"@id\":\"https:\\\/\\\/www.non-plus-ultra.de\\\/npu\\\/agb\\\/#breadcrumb\"},\"inLanguage\":\"de\",\"potentialAction\":[{\"@type\":\"ReadAction\",\"target\":[\"https:\\\/\\\/www.non-plus-ultra.de\\\/npu\\\/agb\\\/\"]}]},{\"@type\":\"BreadcrumbList\",\"@id\":\"https:\\\/\\\/www.non-plus-ultra.de\\\/npu\\\/agb\\\/#breadcrumb\",\"itemListElement\":[{\"@type\":\"ListItem\",\"position\":1,\"name\":\"Home\",\"item\":\"https:\\\/\\\/www.non-plus-ultra.de\\\/npu\\\/\"},{\"@type\":\"ListItem\",\"position\":2,\"name\":\"AGB\"}]},{\"@type\":\"WebSite\",\"@id\":\"https:\\\/\\\/www.non-plus-ultra.de\\\/npu\\\/#website\",\"url\":\"https:\\\/\\\/www.non-plus-ultra.de\\\/npu\\\/\",\"name\":\"NON PLUS ULTRA\",\"description\":\"Ihr Netzwerk f\u00fcr nachhaltigen Gesch\u00e4ftserfolg\",\"publisher\":{\"@id\":\"https:\\\/\\\/www.non-plus-ultra.de\\\/npu\\\/#organization\"},\"potentialAction\":[{\"@type\":\"SearchAction\",\"target\":{\"@type\":\"EntryPoint\",\"urlTemplate\":\"https:\\\/\\\/www.non-plus-ultra.de\\\/npu\\\/?s={search_term_string}\"},\"query-input\":{\"@type\":\"PropertyValueSpecification\",\"valueRequired\":true,\"valueName\":\"search_term_string\"}}],\"inLanguage\":\"de\"},{\"@type\":\"Organization\",\"@id\":\"https:\\\/\\\/www.non-plus-ultra.de\\\/npu\\\/#organization\",\"name\":\"NON PLUS ULTRA\",\"url\":\"https:\\\/\\\/www.non-plus-ultra.de\\\/npu\\\/\",\"logo\":{\"@type\":\"ImageObject\",\"inLanguage\":\"de\",\"@id\":\"https:\\\/\\\/www.non-plus-ultra.de\\\/npu\\\/#\\\/schema\\\/logo\\\/image\\\/\",\"url\":\"https:\\\/\\\/www.non-plus-ultra.de\\\/npu\\\/wp-content\\\/uploads\\\/2024\\\/10\\\/icon.webp\",\"contentUrl\":\"https:\\\/\\\/www.non-plus-ultra.de\\\/npu\\\/wp-content\\\/uploads\\\/2024\\\/10\\\/icon.webp\",\"width\":164,\"height\":164,\"caption\":\"NON PLUS ULTRA\"},\"image\":{\"@id\":\"https:\\\/\\\/www.non-plus-ultra.de\\\/npu\\\/#\\\/schema\\\/logo\\\/image\\\/\"}}]}<\/script>\n<!-- \/ Yoast SEO plugin. -->","yoast_head_json":{"title":"AGB - NON PLUS ULTRA","description":"Lieferungen, Leistungen, Angebote und Verk\u00e4ufe erfolgen ausschlie\u00dflich aufgrund der folgenden Bedingungen.","robots":{"index":"index","follow":"follow","max-snippet":"max-snippet:-1","max-image-preview":"max-image-preview:large","max-video-preview":"max-video-preview:-1"},"canonical":"https:\/\/www.non-plus-ultra.de\/npu\/agb\/","og_locale":"de_DE","og_type":"article","og_title":"Allgemeine Gesch\u00e4fts- und Lieferbedingungen der api GmbH","og_description":"Lieferungen, Leistungen, Angebote und Verk\u00e4ufe erfolgen ausschlie\u00dflich aufgrund der folgenden Bedingungen.","og_url":"https:\/\/www.non-plus-ultra.de\/npu\/agb\/","og_site_name":"NON PLUS ULTRA","article_modified_time":"2025-03-31T22:49:41+00:00","og_image":[{"width":500,"height":500,"url":"https:\/\/www.non-plus-ultra.de\/npu\/wp-content\/uploads\/2025\/04\/nonplusultra_socialmedia.png","type":"image\/png"}],"twitter_card":"summary_large_image","twitter_title":"Allgemeine Gesch\u00e4fts- und Lieferbedingungen der api GmbH","twitter_description":"Lieferungen, Leistungen, Angebote und Verk\u00e4ufe erfolgen ausschlie\u00dflich aufgrund der folgenden Bedingungen.","twitter_image":"https:\/\/www.non-plus-ultra.de\/npu\/wp-content\/uploads\/2025\/04\/nonplusultra_socialmedia.png","twitter_misc":{"Gesch\u00e4tzte Lesezeit":"8\u00a0Minuten"},"schema":{"@context":"https:\/\/schema.org","@graph":[{"@type":"WebPage","@id":"https:\/\/www.non-plus-ultra.de\/npu\/agb\/","url":"https:\/\/www.non-plus-ultra.de\/npu\/agb\/","name":"AGB - NON PLUS ULTRA","isPartOf":{"@id":"https:\/\/www.non-plus-ultra.de\/npu\/#website"},"datePublished":"2024-10-20T11:25:55+00:00","dateModified":"2025-03-31T22:49:41+00:00","description":"Lieferungen, Leistungen, Angebote und Verk\u00e4ufe erfolgen ausschlie\u00dflich aufgrund der folgenden Bedingungen.","breadcrumb":{"@id":"https:\/\/www.non-plus-ultra.de\/npu\/agb\/#breadcrumb"},"inLanguage":"de","potentialAction":[{"@type":"ReadAction","target":["https:\/\/www.non-plus-ultra.de\/npu\/agb\/"]}]},{"@type":"BreadcrumbList","@id":"https:\/\/www.non-plus-ultra.de\/npu\/agb\/#breadcrumb","itemListElement":[{"@type":"ListItem","position":1,"name":"Home","item":"https:\/\/www.non-plus-ultra.de\/npu\/"},{"@type":"ListItem","position":2,"name":"AGB"}]},{"@type":"WebSite","@id":"https:\/\/www.non-plus-ultra.de\/npu\/#website","url":"https:\/\/www.non-plus-ultra.de\/npu\/","name":"NON PLUS ULTRA","description":"Ihr Netzwerk f\u00fcr nachhaltigen Gesch\u00e4ftserfolg","publisher":{"@id":"https:\/\/www.non-plus-ultra.de\/npu\/#organization"},"potentialAction":[{"@type":"SearchAction","target":{"@type":"EntryPoint","urlTemplate":"https:\/\/www.non-plus-ultra.de\/npu\/?s={search_term_string}"},"query-input":{"@type":"PropertyValueSpecification","valueRequired":true,"valueName":"search_term_string"}}],"inLanguage":"de"},{"@type":"Organization","@id":"https:\/\/www.non-plus-ultra.de\/npu\/#organization","name":"NON PLUS ULTRA","url":"https:\/\/www.non-plus-ultra.de\/npu\/","logo":{"@type":"ImageObject","inLanguage":"de","@id":"https:\/\/www.non-plus-ultra.de\/npu\/#\/schema\/logo\/image\/","url":"https:\/\/www.non-plus-ultra.de\/npu\/wp-content\/uploads\/2024\/10\/icon.webp","contentUrl":"https:\/\/www.non-plus-ultra.de\/npu\/wp-content\/uploads\/2024\/10\/icon.webp","width":164,"height":164,"caption":"NON PLUS ULTRA"},"image":{"@id":"https:\/\/www.non-plus-ultra.de\/npu\/#\/schema\/logo\/image\/"}}]}},"_links":{"self":[{"href":"https:\/\/www.non-plus-ultra.de\/npu\/wp-json\/wp\/v2\/pages\/4240","targetHints":{"allow":["GET"]}}],"collection":[{"href":"https:\/\/www.non-plus-ultra.de\/npu\/wp-json\/wp\/v2\/pages"}],"about":[{"href":"https:\/\/www.non-plus-ultra.de\/npu\/wp-json\/wp\/v2\/types\/page"}],"author":[{"embeddable":true,"href":"https:\/\/www.non-plus-ultra.de\/npu\/wp-json\/wp\/v2\/users\/1"}],"replies":[{"embeddable":true,"href":"https:\/\/www.non-plus-ultra.de\/npu\/wp-json\/wp\/v2\/comments?post=4240"}],"version-history":[{"count":10,"href":"https:\/\/www.non-plus-ultra.de\/npu\/wp-json\/wp\/v2\/pages\/4240\/revisions"}],"predecessor-version":[{"id":5106,"href":"https:\/\/www.non-plus-ultra.de\/npu\/wp-json\/wp\/v2\/pages\/4240\/revisions\/5106"}],"wp:attachment":[{"href":"https:\/\/www.non-plus-ultra.de\/npu\/wp-json\/wp\/v2\/media?parent=4240"}],"curies":[{"name":"wp","href":"https:\/\/api.w.org\/{rel}","templated":true}]}}