{"id":7376,"date":"2025-10-08T09:56:33","date_gmt":"2025-10-08T07:56:33","guid":{"rendered":"https:\/\/www.non-plus-ultra.de\/npu\/?page_id=7376"},"modified":"2025-10-16T17:21:46","modified_gmt":"2025-10-16T15:21:46","slug":"newsletter","status":"publish","type":"page","link":"https:\/\/www.non-plus-ultra.de\/npu\/newsletter\/","title":{"rendered":"Newsletter"},"content":{"rendered":"\t\t<div data-elementor-type=\"wp-page\" data-elementor-id=\"7376\" class=\"elementor elementor-7376\" data-elementor-post-type=\"page\">\n\t\t\t\t<div class=\"elementor-element elementor-element-6c9f5a1 e-flex e-con-boxed e-con e-parent\" data-id=\"6c9f5a1\" data-element_type=\"container\" data-e-type=\"container\" data-settings=\"{&quot;background_background&quot;:&quot;classic&quot;}\">\n\t\t\t\t\t<div class=\"e-con-inner\">\n\t\t<div class=\"elementor-element elementor-element-3e67183 e-grid e-con-full e-con e-child\" data-id=\"3e67183\" data-element_type=\"container\" data-e-type=\"container\">\n\t\t<div class=\"elementor-element elementor-element-d967f78 e-con-full animated-fast e-flex e-con e-child\" data-id=\"d967f78\" data-element_type=\"container\" data-e-type=\"container\" data-settings=\"{&quot;animation&quot;:&quot;none&quot;,&quot;animation_delay&quot;:250,&quot;animation_tablet&quot;:&quot;none&quot;}\">\n\t\t<div class=\"elementor-element elementor-element-7e32869 e-con-full e-flex e-con e-child\" data-id=\"7e32869\" data-element_type=\"container\" data-e-type=\"container\">\n\t\t\t\t<div class=\"elementor-element elementor-element-e426c43 elementor-widget-tablet__width-initial elementor-widget-mobile__width-initial elementor-widget__width-initial elementor-widget elementor-widget-heading\" data-id=\"e426c43\" data-element_type=\"widget\" data-e-type=\"widget\" data-widget_type=\"heading.default\">\n\t\t\t\t\t<h1 class=\"elementor-heading-title elementor-size-default\">Warum du dich f\u00fcr den NON PLUS ULTRA Newsletter anmelden solltest<\/h1>\t\t\t\t<\/div>\n\t\t\t\t<div class=\"elementor-element elementor-element-31da229 elementor-widget-tablet__width-initial elementor-widget elementor-widget-text-editor\" data-id=\"31da229\" data-element_type=\"widget\" data-e-type=\"widget\" data-widget_type=\"text-editor.default\">\n\t\t\t\t\t\t\t\t\t<p>Wenn du Business nicht dem Zufall \u00fcberlassen willst, sondern Chancen fr\u00fchzeitig nutzen willst, dann ist unser Newsletter genau dein Shortcut.<\/p>\t\t\t\t\t\t\t\t<\/div>\n\t\t\t\t<\/div>\n\t\t\t\t<\/div>\n\t\t\t\t<div class=\"elementor-element elementor-element-0f849e5 elementor-widget elementor-widget-html\" data-id=\"0f849e5\" data-element_type=\"widget\" data-e-type=\"widget\" data-widget_type=\"html.default\">\n\t\t\t\t\t<iframe class=\"ktv2\" src=\"https:\/\/assets.klicktipp.com\/userimages\/1189965\/forms\/338083\/7uyizrqe0z8z340f.html\" style=\"position:relative;display:inline-block;border:none;background:transparent none no-repeat scroll 0 0;margin:0;\" width=\"400\" height=\"280\" scrolling=\"no\"><\/iframe>\t\t\t\t<\/div>\n\t\t\t\t<\/div>\n\t\t\t\t\t<\/div>\n\t\t\t\t<\/div>\n\t\t<div class=\"elementor-element elementor-element-07ba274 e-flex e-con-boxed e-con e-parent\" data-id=\"07ba274\" data-element_type=\"container\" data-e-type=\"container\" data-settings=\"{&quot;background_background&quot;:&quot;gradient&quot;}\">\n\t\t\t\t\t<div class=\"e-con-inner\">\n\t\t<div class=\"elementor-element elementor-element-d2d7f2b e-con-full e-flex e-con e-child\" data-id=\"d2d7f2b\" data-element_type=\"container\" data-e-type=\"container\">\n\t\t\t\t<div class=\"elementor-element elementor-element-cd3a3ed elementor-widget__width-initial elementor-widget elementor-widget-heading\" data-id=\"cd3a3ed\" data-element_type=\"widget\" data-e-type=\"widget\" data-widget_type=\"heading.default\">\n\t\t\t\t\t<h2 class=\"elementor-heading-title elementor-size-default\">Mit deiner Anmeldung bekommst du regelm\u00e4\u00dfig das, was dich wirklich weiterbringt:<\/h2>\t\t\t\t<\/div>\n\t\t\t\t<\/div>\n\t\t<div class=\"elementor-element elementor-element-17b7734 e-grid e-con-boxed e-con e-child\" data-id=\"17b7734\" data-element_type=\"container\" data-e-type=\"container\">\n\t\t\t\t\t<div class=\"e-con-inner\">\n\t\t<div class=\"elementor-element elementor-element-63294ef e-con-full e-grid e-con e-child\" data-id=\"63294ef\" data-element_type=\"container\" data-e-type=\"container\">\n\t\t<div class=\"elementor-element elementor-element-f53c854 e-con-full animated-fast e-flex elementor-invisible e-con e-child\" data-id=\"f53c854\" data-element_type=\"container\" data-e-type=\"container\" data-settings=\"{&quot;background_background&quot;:&quot;classic&quot;,&quot;animation&quot;:&quot;fadeIn&quot;,&quot;animation_delay&quot;:500,&quot;animation_tablet&quot;:&quot;none&quot;}\">\n\t\t\t\t<div class=\"elementor-element elementor-element-48d6b8b elementor-position-inline-start elementor-tablet-position-block-start elementor-view-default elementor-mobile-position-block-start elementor-widget elementor-widget-icon-box\" data-id=\"48d6b8b\" data-element_type=\"widget\" data-e-type=\"widget\" data-widget_type=\"icon-box.default\">\n\t\t\t\t\t\t\t<div class=\"elementor-icon-box-wrapper\">\n\n\t\t\t\t\t\t<div class=\"elementor-icon-box-icon\">\n\t\t\t\t<span  class=\"elementor-icon\">\n\t\t\t\t<svg aria-hidden=\"true\" class=\"e-font-icon-svg e-far-check-circle\" viewBox=\"0 0 512 512\" xmlns=\"http:\/\/www.w3.org\/2000\/svg\"><path d=\"M256 8C119.033 8 8 119.033 8 256s111.033 248 248 248 248-111.033 248-248S392.967 8 256 8zm0 48c110.532 0 200 89.451 200 200 0 110.532-89.451 200-200 200-110.532 0-200-89.451-200-200 0-110.532 89.451-200 200-200m140.204 130.267l-22.536-22.718c-4.667-4.705-12.265-4.736-16.97-.068L215.346 303.697l-59.792-60.277c-4.667-4.705-12.265-4.736-16.97-.069l-22.719 22.536c-4.705 4.667-4.736 12.265-.068 16.971l90.781 91.516c4.667 4.705 12.265 4.736 16.97.068l172.589-171.204c4.704-4.668 4.734-12.266.067-16.971z\"><\/path><\/svg>\t\t\t\t<\/span>\n\t\t\t<\/div>\n\t\t\t\n\t\t\t\t\t\t<div class=\"elementor-icon-box-content\">\n\n\t\t\t\t\t\t\t\t\t<h6 class=\"elementor-icon-box-title\">\n\t\t\t\t\t\t<span  >\n\t\t\t\t\t\t\tFr\u00fcher wissen als alle anderen\t\t\t\t\t\t<\/span>\n\t\t\t\t\t<\/h6>\n\t\t\t\t\n\t\t\t\t\t\t\t\t\t<p class=\"elementor-icon-box-description\">\n\t\t\t\t\t\tEvents, Netzwerkveranstaltungen, Workshops oder besondere Einladungen zu unseren Gesch\u00e4ftsf\u00fchrertagen. Du erf\u00e4hrst es zuerst und sicherst dir die besten Pl\u00e4tze, bevor etwas ausgebucht ist.\t\t\t\t\t<\/p>\n\t\t\t\t\n\t\t\t<\/div>\n\t\t\t\n\t\t<\/div>\n\t\t\t\t\t\t<\/div>\n\t\t\t\t<\/div>\n\t\t<div class=\"elementor-element elementor-element-32371e8 e-con-full animated-fast e-flex elementor-invisible e-con e-child\" data-id=\"32371e8\" data-element_type=\"container\" data-e-type=\"container\" data-settings=\"{&quot;background_background&quot;:&quot;classic&quot;,&quot;animation&quot;:&quot;fadeIn&quot;,&quot;animation_delay&quot;:750,&quot;animation_tablet&quot;:&quot;none&quot;}\">\n\t\t\t\t<div class=\"elementor-element elementor-element-51081ba elementor-position-inline-start elementor-tablet-position-block-start elementor-view-default elementor-mobile-position-block-start elementor-widget elementor-widget-icon-box\" data-id=\"51081ba\" data-element_type=\"widget\" data-e-type=\"widget\" data-widget_type=\"icon-box.default\">\n\t\t\t\t\t\t\t<div class=\"elementor-icon-box-wrapper\">\n\n\t\t\t\t\t\t<div class=\"elementor-icon-box-icon\">\n\t\t\t\t<span  class=\"elementor-icon\">\n\t\t\t\t<svg aria-hidden=\"true\" class=\"e-font-icon-svg e-far-check-circle\" viewBox=\"0 0 512 512\" xmlns=\"http:\/\/www.w3.org\/2000\/svg\"><path d=\"M256 8C119.033 8 8 119.033 8 256s111.033 248 248 248 248-111.033 248-248S392.967 8 256 8zm0 48c110.532 0 200 89.451 200 200 0 110.532-89.451 200-200 200-110.532 0-200-89.451-200-200 0-110.532 89.451-200 200-200m140.204 130.267l-22.536-22.718c-4.667-4.705-12.265-4.736-16.97-.068L215.346 303.697l-59.792-60.277c-4.667-4.705-12.265-4.736-16.97-.069l-22.719 22.536c-4.705 4.667-4.736 12.265-.068 16.971l90.781 91.516c4.667 4.705 12.265 4.736 16.97.068l172.589-171.204c4.704-4.668 4.734-12.266.067-16.971z\"><\/path><\/svg>\t\t\t\t<\/span>\n\t\t\t<\/div>\n\t\t\t\n\t\t\t\t\t\t<div class=\"elementor-icon-box-content\">\n\n\t\t\t\t\t\t\t\t\t<h6 class=\"elementor-icon-box-title\">\n\t\t\t\t\t\t<span  >\n\t\t\t\t\t\t\tExklusive Vorteile nur f\u00fcr Abonnent:innen\t\t\t\t\t\t<\/span>\n\t\t\t\t\t<\/h6>\n\t\t\t\t\n\t\t\t\t\t\t\t\t\t<p class=\"elementor-icon-box-description\">\n\t\t\t\t\t\tSpecial-Angebote, Vorz\u00fcge im Netzwerk, Early-Bird-Zugang oder besondere Aktionen: Wer im Newsletter ist, bekommt mehr mit.\t\t\t\t\t<\/p>\n\t\t\t\t\n\t\t\t<\/div>\n\t\t\t\n\t\t<\/div>\n\t\t\t\t\t\t<\/div>\n\t\t\t\t<\/div>\n\t\t<div class=\"elementor-element elementor-element-78a6032 e-con-full animated-fast e-flex elementor-invisible e-con e-child\" data-id=\"78a6032\" data-element_type=\"container\" data-e-type=\"container\" data-settings=\"{&quot;background_background&quot;:&quot;classic&quot;,&quot;animation&quot;:&quot;fadeIn&quot;,&quot;animation_delay&quot;:750,&quot;animation_tablet&quot;:&quot;none&quot;}\">\n\t\t\t\t<div class=\"elementor-element elementor-element-8426e5d elementor-position-inline-start elementor-tablet-position-block-start elementor-view-default elementor-mobile-position-block-start elementor-widget elementor-widget-icon-box\" data-id=\"8426e5d\" data-element_type=\"widget\" data-e-type=\"widget\" data-widget_type=\"icon-box.default\">\n\t\t\t\t\t\t\t<div class=\"elementor-icon-box-wrapper\">\n\n\t\t\t\t\t\t<div class=\"elementor-icon-box-icon\">\n\t\t\t\t<span  class=\"elementor-icon\">\n\t\t\t\t<svg aria-hidden=\"true\" class=\"e-font-icon-svg e-far-check-circle\" viewBox=\"0 0 512 512\" xmlns=\"http:\/\/www.w3.org\/2000\/svg\"><path d=\"M256 8C119.033 8 8 119.033 8 256s111.033 248 248 248 248-111.033 248-248S392.967 8 256 8zm0 48c110.532 0 200 89.451 200 200 0 110.532-89.451 200-200 200-110.532 0-200-89.451-200-200 0-110.532 89.451-200 200-200m140.204 130.267l-22.536-22.718c-4.667-4.705-12.265-4.736-16.97-.068L215.346 303.697l-59.792-60.277c-4.667-4.705-12.265-4.736-16.97-.069l-22.719 22.536c-4.705 4.667-4.736 12.265-.068 16.971l90.781 91.516c4.667 4.705 12.265 4.736 16.97.068l172.589-171.204c4.704-4.668 4.734-12.266.067-16.971z\"><\/path><\/svg>\t\t\t\t<\/span>\n\t\t\t<\/div>\n\t\t\t\n\t\t\t\t\t\t<div class=\"elementor-icon-box-content\">\n\n\t\t\t\t\t\t\t\t\t<h6 class=\"elementor-icon-box-title\">\n\t\t\t\t\t\t<span  >\n\t\t\t\t\t\t\tImpulse, die direkt in die Umsetzung f\u00fchren\t\t\t\t\t\t<\/span>\n\t\t\t\t\t<\/h6>\n\t\t\t\t\n\t\t\t\t\t\t\t\t\t<p class=\"elementor-icon-box-description\">\n\t\t\t\t\t\tKeine Theorie, sondern echte Unternehmer-Erfahrungen, Strategien und Ideen aus dem Netzwerk. Sofort nutzbar.\t\t\t\t\t<\/p>\n\t\t\t\t\n\t\t\t<\/div>\n\t\t\t\n\t\t<\/div>\n\t\t\t\t\t\t<\/div>\n\t\t\t\t<\/div>\n\t\t<div class=\"elementor-element elementor-element-31cf67d e-con-full animated-fast e-flex elementor-invisible e-con e-child\" data-id=\"31cf67d\" data-element_type=\"container\" data-e-type=\"container\" data-settings=\"{&quot;background_background&quot;:&quot;classic&quot;,&quot;animation&quot;:&quot;fadeIn&quot;,&quot;animation_delay&quot;:750,&quot;animation_tablet&quot;:&quot;none&quot;}\">\n\t\t\t\t<div class=\"elementor-element elementor-element-c4a9c10 elementor-position-inline-start elementor-tablet-position-block-start elementor-view-default elementor-mobile-position-block-start elementor-widget elementor-widget-icon-box\" data-id=\"c4a9c10\" data-element_type=\"widget\" data-e-type=\"widget\" data-widget_type=\"icon-box.default\">\n\t\t\t\t\t\t\t<div class=\"elementor-icon-box-wrapper\">\n\n\t\t\t\t\t\t<div class=\"elementor-icon-box-icon\">\n\t\t\t\t<span  class=\"elementor-icon\">\n\t\t\t\t<svg aria-hidden=\"true\" class=\"e-font-icon-svg e-far-check-circle\" viewBox=\"0 0 512 512\" xmlns=\"http:\/\/www.w3.org\/2000\/svg\"><path d=\"M256 8C119.033 8 8 119.033 8 256s111.033 248 248 248 248-111.033 248-248S392.967 8 256 8zm0 48c110.532 0 200 89.451 200 200 0 110.532-89.451 200-200 200-110.532 0-200-89.451-200-200 0-110.532 89.451-200 200-200m140.204 130.267l-22.536-22.718c-4.667-4.705-12.265-4.736-16.97-.068L215.346 303.697l-59.792-60.277c-4.667-4.705-12.265-4.736-16.97-.069l-22.719 22.536c-4.705 4.667-4.736 12.265-.068 16.971l90.781 91.516c4.667 4.705 12.265 4.736 16.97.068l172.589-171.204c4.704-4.668 4.734-12.266.067-16.971z\"><\/path><\/svg>\t\t\t\t<\/span>\n\t\t\t<\/div>\n\t\t\t\n\t\t\t\t\t\t<div class=\"elementor-icon-box-content\">\n\n\t\t\t\t\t\t\t\t\t<h6 class=\"elementor-icon-box-title\">\n\t\t\t\t\t\t<span  >\n\t\t\t\t\t\t\tEin Blick hinter die Kulissen der Community\t\t\t\t\t\t<\/span>\n\t\t\t\t\t<\/h6>\n\t\t\t\t\n\t\t\t\t\t\t\t\t\t<p class=\"elementor-icon-box-description\">\n\t\t\t\t\t\tErfolgsgeschichten, spannende Pers\u00f6nlichkeiten und echte Verbindungen genau das, was ein starkes Netzwerk ausmacht.\t\t\t\t\t<\/p>\n\t\t\t\t\n\t\t\t<\/div>\n\t\t\t\n\t\t<\/div>\n\t\t\t\t\t\t<\/div>\n\t\t\t\t<\/div>\n\t\t<div class=\"elementor-element elementor-element-24a76b5 e-con-full animated-fast e-flex elementor-invisible e-con e-child\" data-id=\"24a76b5\" data-element_type=\"container\" data-e-type=\"container\" data-settings=\"{&quot;background_background&quot;:&quot;classic&quot;,&quot;animation&quot;:&quot;fadeIn&quot;,&quot;animation_delay&quot;:750,&quot;animation_tablet&quot;:&quot;none&quot;}\">\n\t\t\t\t<div class=\"elementor-element elementor-element-23e4430 elementor-position-inline-start elementor-tablet-position-block-start elementor-view-default elementor-mobile-position-block-start elementor-widget elementor-widget-icon-box\" data-id=\"23e4430\" data-element_type=\"widget\" data-e-type=\"widget\" data-widget_type=\"icon-box.default\">\n\t\t\t\t\t\t\t<div class=\"elementor-icon-box-wrapper\">\n\n\t\t\t\t\t\t<div class=\"elementor-icon-box-icon\">\n\t\t\t\t<span  class=\"elementor-icon\">\n\t\t\t\t<svg aria-hidden=\"true\" class=\"e-font-icon-svg e-far-check-circle\" viewBox=\"0 0 512 512\" xmlns=\"http:\/\/www.w3.org\/2000\/svg\"><path d=\"M256 8C119.033 8 8 119.033 8 256s111.033 248 248 248 248-111.033 248-248S392.967 8 256 8zm0 48c110.532 0 200 89.451 200 200 0 110.532-89.451 200-200 200-110.532 0-200-89.451-200-200 0-110.532 89.451-200 200-200m140.204 130.267l-22.536-22.718c-4.667-4.705-12.265-4.736-16.97-.068L215.346 303.697l-59.792-60.277c-4.667-4.705-12.265-4.736-16.97-.069l-22.719 22.536c-4.705 4.667-4.736 12.265-.068 16.971l90.781 91.516c4.667 4.705 12.265 4.736 16.97.068l172.589-171.204c4.704-4.668 4.734-12.266.067-16.971z\"><\/path><\/svg>\t\t\t\t<\/span>\n\t\t\t<\/div>\n\t\t\t\n\t\t\t\t\t\t<div class=\"elementor-icon-box-content\">\n\n\t\t\t\t\t\t\t\t\t<h6 class=\"elementor-icon-box-title\">\n\t\t\t\t\t\t<span  >\n\t\t\t\t\t\t\tKooperationen &amp; Insider-News\t\t\t\t\t\t<\/span>\n\t\t\t\t\t<\/h6>\n\t\t\t\t\n\t\t\t\t\t\t\t\t\t<p class=\"elementor-icon-box-description\">\n\t\t\t\t\t\tOb neue Partnerschaften, spannende Projekte oder relevante Branchenentwicklungen. Du bist automatisch informiert.\t\t\t\t\t<\/p>\n\t\t\t\t\n\t\t\t<\/div>\n\t\t\t\n\t\t<\/div>\n\t\t\t\t\t\t<\/div>\n\t\t\t\t<\/div>\n\t\t\t\t<\/div>\n\t\t\t\t\t<\/div>\n\t\t\t\t<\/div>\n\t\t\t\t\t<\/div>\n\t\t\t\t<\/div>\n\t\t\t\t<\/div>\n\t\t","protected":false},"excerpt":{"rendered":"<p>Warum du dich f\u00fcr den NON PLUS ULTRA Newsletter anmelden solltest Wenn du Business nicht dem Zufall \u00fcberlassen willst, sondern Chancen fr\u00fchzeitig nutzen willst, dann ist unser Newsletter genau dein Shortcut. Mit deiner Anmeldung bekommst du regelm\u00e4\u00dfig das, was dich wirklich weiterbringt: Fr\u00fcher wissen als alle anderen Events, Netzwerkveranstaltungen, Workshops oder besondere Einladungen zu unseren [&hellip;]<\/p>\n","protected":false},"author":1,"featured_media":0,"parent":0,"menu_order":0,"comment_status":"closed","ping_status":"closed","template":"elementor_header_footer","meta":{"footnotes":""},"class_list":["post-7376","page","type-page","status-publish","hentry"],"yoast_head":"<!-- This site is optimized with the Yoast SEO plugin v27.4 - https:\/\/yoast.com\/product\/yoast-seo-wordpress\/ -->\n<title>Newsletter - NON PLUS ULTRA<\/title>\n<meta name=\"description\" content=\"Wenn du Business nicht dem Zufall \u00fcberlassen willst, sondern Chancen fr\u00fchzeitig nutzen willst, dann ist unser Newsletter genau dein Shortcut.\" \/>\n<meta name=\"robots\" content=\"index, follow, max-snippet:-1, max-image-preview:large, max-video-preview:-1\" \/>\n<link rel=\"canonical\" href=\"https:\/\/www.non-plus-ultra.de\/npu\/newsletter\/\" \/>\n<meta property=\"og:locale\" content=\"de_DE\" \/>\n<meta property=\"og:type\" content=\"article\" \/>\n<meta property=\"og:title\" content=\"Newsletter - NON PLUS ULTRA\" \/>\n<meta property=\"og:description\" content=\"Wenn du Business nicht dem Zufall \u00fcberlassen willst, sondern Chancen fr\u00fchzeitig nutzen willst, dann ist unser Newsletter genau dein Shortcut.\" \/>\n<meta property=\"og:url\" content=\"https:\/\/www.non-plus-ultra.de\/npu\/newsletter\/\" \/>\n<meta property=\"og:site_name\" content=\"NON PLUS ULTRA\" \/>\n<meta property=\"article:modified_time\" content=\"2025-10-16T15:21:46+00:00\" \/>\n<meta property=\"og:image\" content=\"https:\/\/www.non-plus-ultra.de\/npu\/wp-content\/uploads\/2024\/10\/icon.webp\" \/>\n\t<meta property=\"og:image:width\" content=\"164\" \/>\n\t<meta property=\"og:image:height\" content=\"164\" \/>\n\t<meta property=\"og:image:type\" content=\"image\/webp\" \/>\n<meta name=\"twitter:card\" content=\"summary_large_image\" \/>\n<meta name=\"twitter:label1\" content=\"Gesch\u00e4tzte Lesezeit\" \/>\n\t<meta name=\"twitter:data1\" content=\"1\u00a0Minute\" \/>\n<script type=\"application\/ld+json\" class=\"yoast-schema-graph\">{\"@context\":\"https:\\\/\\\/schema.org\",\"@graph\":[{\"@type\":\"WebPage\",\"@id\":\"https:\\\/\\\/www.non-plus-ultra.de\\\/npu\\\/newsletter\\\/\",\"url\":\"https:\\\/\\\/www.non-plus-ultra.de\\\/npu\\\/newsletter\\\/\",\"name\":\"Newsletter - NON PLUS ULTRA\",\"isPartOf\":{\"@id\":\"https:\\\/\\\/www.non-plus-ultra.de\\\/npu\\\/#website\"},\"datePublished\":\"2025-10-08T07:56:33+00:00\",\"dateModified\":\"2025-10-16T15:21:46+00:00\",\"description\":\"Wenn du Business nicht dem Zufall \u00fcberlassen willst, sondern Chancen fr\u00fchzeitig nutzen willst, dann ist unser Newsletter genau dein Shortcut.\",\"breadcrumb\":{\"@id\":\"https:\\\/\\\/www.non-plus-ultra.de\\\/npu\\\/newsletter\\\/#breadcrumb\"},\"inLanguage\":\"de\",\"potentialAction\":[{\"@type\":\"ReadAction\",\"target\":[\"https:\\\/\\\/www.non-plus-ultra.de\\\/npu\\\/newsletter\\\/\"]}]},{\"@type\":\"BreadcrumbList\",\"@id\":\"https:\\\/\\\/www.non-plus-ultra.de\\\/npu\\\/newsletter\\\/#breadcrumb\",\"itemListElement\":[{\"@type\":\"ListItem\",\"position\":1,\"name\":\"Home\",\"item\":\"https:\\\/\\\/www.non-plus-ultra.de\\\/npu\\\/\"},{\"@type\":\"ListItem\",\"position\":2,\"name\":\"Newsletter\"}]},{\"@type\":\"WebSite\",\"@id\":\"https:\\\/\\\/www.non-plus-ultra.de\\\/npu\\\/#website\",\"url\":\"https:\\\/\\\/www.non-plus-ultra.de\\\/npu\\\/\",\"name\":\"NON PLUS ULTRA\",\"description\":\"Ihr Netzwerk f\u00fcr nachhaltigen Gesch\u00e4ftserfolg\",\"publisher\":{\"@id\":\"https:\\\/\\\/www.non-plus-ultra.de\\\/npu\\\/#organization\"},\"potentialAction\":[{\"@type\":\"SearchAction\",\"target\":{\"@type\":\"EntryPoint\",\"urlTemplate\":\"https:\\\/\\\/www.non-plus-ultra.de\\\/npu\\\/?s={search_term_string}\"},\"query-input\":{\"@type\":\"PropertyValueSpecification\",\"valueRequired\":true,\"valueName\":\"search_term_string\"}}],\"inLanguage\":\"de\"},{\"@type\":\"Organization\",\"@id\":\"https:\\\/\\\/www.non-plus-ultra.de\\\/npu\\\/#organization\",\"name\":\"NON PLUS ULTRA\",\"url\":\"https:\\\/\\\/www.non-plus-ultra.de\\\/npu\\\/\",\"logo\":{\"@type\":\"ImageObject\",\"inLanguage\":\"de\",\"@id\":\"https:\\\/\\\/www.non-plus-ultra.de\\\/npu\\\/#\\\/schema\\\/logo\\\/image\\\/\",\"url\":\"https:\\\/\\\/www.non-plus-ultra.de\\\/npu\\\/wp-content\\\/uploads\\\/2024\\\/10\\\/icon.webp\",\"contentUrl\":\"https:\\\/\\\/www.non-plus-ultra.de\\\/npu\\\/wp-content\\\/uploads\\\/2024\\\/10\\\/icon.webp\",\"width\":164,\"height\":164,\"caption\":\"NON PLUS ULTRA\"},\"image\":{\"@id\":\"https:\\\/\\\/www.non-plus-ultra.de\\\/npu\\\/#\\\/schema\\\/logo\\\/image\\\/\"}}]}<\/script>\n<!-- \/ Yoast SEO plugin. -->","yoast_head_json":{"title":"Newsletter - NON PLUS ULTRA","description":"Wenn du Business nicht dem Zufall \u00fcberlassen willst, sondern Chancen fr\u00fchzeitig nutzen willst, dann ist unser Newsletter genau dein Shortcut.","robots":{"index":"index","follow":"follow","max-snippet":"max-snippet:-1","max-image-preview":"max-image-preview:large","max-video-preview":"max-video-preview:-1"},"canonical":"https:\/\/www.non-plus-ultra.de\/npu\/newsletter\/","og_locale":"de_DE","og_type":"article","og_title":"Newsletter - NON PLUS ULTRA","og_description":"Wenn du Business nicht dem Zufall \u00fcberlassen willst, sondern Chancen fr\u00fchzeitig nutzen willst, dann ist unser Newsletter genau dein Shortcut.","og_url":"https:\/\/www.non-plus-ultra.de\/npu\/newsletter\/","og_site_name":"NON PLUS ULTRA","article_modified_time":"2025-10-16T15:21:46+00:00","og_image":[{"width":164,"height":164,"url":"https:\/\/www.non-plus-ultra.de\/npu\/wp-content\/uploads\/2024\/10\/icon.webp","type":"image\/webp"}],"twitter_card":"summary_large_image","twitter_misc":{"Gesch\u00e4tzte Lesezeit":"1\u00a0Minute"},"schema":{"@context":"https:\/\/schema.org","@graph":[{"@type":"WebPage","@id":"https:\/\/www.non-plus-ultra.de\/npu\/newsletter\/","url":"https:\/\/www.non-plus-ultra.de\/npu\/newsletter\/","name":"Newsletter - NON PLUS ULTRA","isPartOf":{"@id":"https:\/\/www.non-plus-ultra.de\/npu\/#website"},"datePublished":"2025-10-08T07:56:33+00:00","dateModified":"2025-10-16T15:21:46+00:00","description":"Wenn du Business nicht dem Zufall \u00fcberlassen willst, sondern Chancen fr\u00fchzeitig nutzen willst, dann ist unser Newsletter genau dein Shortcut.","breadcrumb":{"@id":"https:\/\/www.non-plus-ultra.de\/npu\/newsletter\/#breadcrumb"},"inLanguage":"de","potentialAction":[{"@type":"ReadAction","target":["https:\/\/www.non-plus-ultra.de\/npu\/newsletter\/"]}]},{"@type":"BreadcrumbList","@id":"https:\/\/www.non-plus-ultra.de\/npu\/newsletter\/#breadcrumb","itemListElement":[{"@type":"ListItem","position":1,"name":"Home","item":"https:\/\/www.non-plus-ultra.de\/npu\/"},{"@type":"ListItem","position":2,"name":"Newsletter"}]},{"@type":"WebSite","@id":"https:\/\/www.non-plus-ultra.de\/npu\/#website","url":"https:\/\/www.non-plus-ultra.de\/npu\/","name":"NON PLUS ULTRA","description":"Ihr Netzwerk f\u00fcr nachhaltigen Gesch\u00e4ftserfolg","publisher":{"@id":"https:\/\/www.non-plus-ultra.de\/npu\/#organization"},"potentialAction":[{"@type":"SearchAction","target":{"@type":"EntryPoint","urlTemplate":"https:\/\/www.non-plus-ultra.de\/npu\/?s={search_term_string}"},"query-input":{"@type":"PropertyValueSpecification","valueRequired":true,"valueName":"search_term_string"}}],"inLanguage":"de"},{"@type":"Organization","@id":"https:\/\/www.non-plus-ultra.de\/npu\/#organization","name":"NON PLUS ULTRA","url":"https:\/\/www.non-plus-ultra.de\/npu\/","logo":{"@type":"ImageObject","inLanguage":"de","@id":"https:\/\/www.non-plus-ultra.de\/npu\/#\/schema\/logo\/image\/","url":"https:\/\/www.non-plus-ultra.de\/npu\/wp-content\/uploads\/2024\/10\/icon.webp","contentUrl":"https:\/\/www.non-plus-ultra.de\/npu\/wp-content\/uploads\/2024\/10\/icon.webp","width":164,"height":164,"caption":"NON PLUS ULTRA"},"image":{"@id":"https:\/\/www.non-plus-ultra.de\/npu\/#\/schema\/logo\/image\/"}}]}},"_links":{"self":[{"href":"https:\/\/www.non-plus-ultra.de\/npu\/wp-json\/wp\/v2\/pages\/7376","targetHints":{"allow":["GET"]}}],"collection":[{"href":"https:\/\/www.non-plus-ultra.de\/npu\/wp-json\/wp\/v2\/pages"}],"about":[{"href":"https:\/\/www.non-plus-ultra.de\/npu\/wp-json\/wp\/v2\/types\/page"}],"author":[{"embeddable":true,"href":"https:\/\/www.non-plus-ultra.de\/npu\/wp-json\/wp\/v2\/users\/1"}],"replies":[{"embeddable":true,"href":"https:\/\/www.non-plus-ultra.de\/npu\/wp-json\/wp\/v2\/comments?post=7376"}],"version-history":[{"count":89,"href":"https:\/\/www.non-plus-ultra.de\/npu\/wp-json\/wp\/v2\/pages\/7376\/revisions"}],"predecessor-version":[{"id":7663,"href":"https:\/\/www.non-plus-ultra.de\/npu\/wp-json\/wp\/v2\/pages\/7376\/revisions\/7663"}],"wp:attachment":[{"href":"https:\/\/www.non-plus-ultra.de\/npu\/wp-json\/wp\/v2\/media?parent=7376"}],"curies":[{"name":"wp","href":"https:\/\/api.w.org\/{rel}","templated":true}]}}